{"id":1521,"date":"2017-05-22T18:19:03","date_gmt":"2017-05-22T18:19:03","guid":{"rendered":"https:\/\/ampxgroup.tiztech.ovh\/automobile\/"},"modified":"2025-01-08T08:11:37","modified_gmt":"2025-01-08T08:11:37","slug":"movilidad","status":"publish","type":"page","link":"https:\/\/ampxgroup.tiztech.ovh\/es\/movilidad\/","title":{"rendered":"Movilidad y E-movilidad"},"content":{"rendered":"","protected":false},"excerpt":{"rendered":"","protected":false},"author":1,"featured_media":0,"parent":0,"menu_order":0,"comment_status":"closed","ping_status":"closed","template":"template-automobile.php","meta":{"_acf_changed":false,"footnotes":""},"class_list":["post-1521","page","type-page","status-publish","hentry"],"acf":[],"yoast_head":"<!-- This site is optimized with the Yoast SEO plugin v27.3 - https:\/\/yoast.com\/product\/yoast-seo-wordpress\/ -->\n<title>Distribuidor de pl\u00e1sticos para automoci\u00f3n - AMP Polymix<\/title>\n<meta name=\"description\" content=\"AMP POLYMIX ofrece una gama de materiales pl\u00e1sticos, adaptados a la aplicaci\u00f3n final, para una gran variedad de piezas del sector de la automoci\u00f3n.\" \/>\n<meta name=\"robots\" content=\"index, follow, max-snippet:-1, max-image-preview:large, max-video-preview:-1\" \/>\n<link rel=\"canonical\" href=\"https:\/\/ampxgroup.com\/es\/movilidad\/\" \/>\n<meta property=\"og:locale\" content=\"es_ES\" \/>\n<meta property=\"og:type\" content=\"article\" \/>\n<meta property=\"og:title\" content=\"Distribuidor de pl\u00e1sticos para automoci\u00f3n - AMP Polymix\" \/>\n<meta property=\"og:description\" content=\"AMP POLYMIX ofrece una gama de materiales pl\u00e1sticos, adaptados a la aplicaci\u00f3n final, para una gran variedad de piezas del sector de la automoci\u00f3n.\" \/>\n<meta property=\"og:url\" content=\"https:\/\/ampxgroup.com\/es\/movilidad\/\" \/>\n<meta property=\"og:site_name\" content=\"AMP Polymix\" \/>\n<meta property=\"article:modified_time\" content=\"2025-01-08T08:11:37+00:00\" \/>\n<meta name=\"twitter:card\" content=\"summary_large_image\" \/>\n<script type=\"application\/ld+json\" class=\"yoast-schema-graph\">{\"@context\":\"https:\\\/\\\/schema.org\",\"@graph\":[{\"@type\":\"WebPage\",\"@id\":\"https:\\\/\\\/ampxgroup.com\\\/es\\\/movilidad\\\/\",\"url\":\"https:\\\/\\\/ampxgroup.com\\\/es\\\/movilidad\\\/\",\"name\":\"Distribuidor de pl\u00e1sticos para automoci\u00f3n - AMP Polymix\",\"isPartOf\":{\"@id\":\"https:\\\/\\\/ampxgroup.com\\\/#website\"},\"datePublished\":\"2017-05-22T18:19:03+00:00\",\"dateModified\":\"2025-01-08T08:11:37+00:00\",\"description\":\"AMP POLYMIX ofrece una gama de materiales pl\u00e1sticos, adaptados a la aplicaci\u00f3n final, para una gran variedad de piezas del sector de la automoci\u00f3n.\",\"breadcrumb\":{\"@id\":\"https:\\\/\\\/ampxgroup.com\\\/es\\\/movilidad\\\/#breadcrumb\"},\"inLanguage\":\"es\",\"potentialAction\":[{\"@type\":\"ReadAction\",\"target\":[\"https:\\\/\\\/ampxgroup.com\\\/es\\\/movilidad\\\/\"]}]},{\"@type\":\"BreadcrumbList\",\"@id\":\"https:\\\/\\\/ampxgroup.com\\\/es\\\/movilidad\\\/#breadcrumb\",\"itemListElement\":[{\"@type\":\"ListItem\",\"position\":1,\"name\":\"Accueil\",\"item\":\"https:\\\/\\\/ampxgroup.com\\\/es\\\/\"},{\"@type\":\"ListItem\",\"position\":2,\"name\":\"Movilidad y E-movilidad\"}]},{\"@type\":\"WebSite\",\"@id\":\"https:\\\/\\\/ampxgroup.com\\\/#website\",\"url\":\"https:\\\/\\\/ampxgroup.com\\\/\",\"name\":\"AMP Polymix\",\"description\":\"Distributeur mati\u00e8re plastique\",\"potentialAction\":[{\"@type\":\"SearchAction\",\"target\":{\"@type\":\"EntryPoint\",\"urlTemplate\":\"https:\\\/\\\/ampxgroup.com\\\/?s={search_term_string}\"},\"query-input\":{\"@type\":\"PropertyValueSpecification\",\"valueRequired\":true,\"valueName\":\"search_term_string\"}}],\"inLanguage\":\"es\"}]}<\/script>\n<!-- \/ Yoast SEO plugin. -->","yoast_head_json":{"title":"Distribuidor de pl\u00e1sticos para automoci\u00f3n - AMP Polymix","description":"AMP POLYMIX ofrece una gama de materiales pl\u00e1sticos, adaptados a la aplicaci\u00f3n final, para una gran variedad de piezas del sector de la automoci\u00f3n.","robots":{"index":"index","follow":"follow","max-snippet":"max-snippet:-1","max-image-preview":"max-image-preview:large","max-video-preview":"max-video-preview:-1"},"canonical":"https:\/\/ampxgroup.com\/es\/movilidad\/","og_locale":"es_ES","og_type":"article","og_title":"Distribuidor de pl\u00e1sticos para automoci\u00f3n - AMP Polymix","og_description":"AMP POLYMIX ofrece una gama de materiales pl\u00e1sticos, adaptados a la aplicaci\u00f3n final, para una gran variedad de piezas del sector de la automoci\u00f3n.","og_url":"https:\/\/ampxgroup.com\/es\/movilidad\/","og_site_name":"AMP Polymix","article_modified_time":"2025-01-08T08:11:37+00:00","twitter_card":"summary_large_image","schema":{"@context":"https:\/\/schema.org","@graph":[{"@type":"WebPage","@id":"https:\/\/ampxgroup.com\/es\/movilidad\/","url":"https:\/\/ampxgroup.com\/es\/movilidad\/","name":"Distribuidor de pl\u00e1sticos para automoci\u00f3n - AMP Polymix","isPartOf":{"@id":"https:\/\/ampxgroup.com\/#website"},"datePublished":"2017-05-22T18:19:03+00:00","dateModified":"2025-01-08T08:11:37+00:00","description":"AMP POLYMIX ofrece una gama de materiales pl\u00e1sticos, adaptados a la aplicaci\u00f3n final, para una gran variedad de piezas del sector de la automoci\u00f3n.","breadcrumb":{"@id":"https:\/\/ampxgroup.com\/es\/movilidad\/#breadcrumb"},"inLanguage":"es","potentialAction":[{"@type":"ReadAction","target":["https:\/\/ampxgroup.com\/es\/movilidad\/"]}]},{"@type":"BreadcrumbList","@id":"https:\/\/ampxgroup.com\/es\/movilidad\/#breadcrumb","itemListElement":[{"@type":"ListItem","position":1,"name":"Accueil","item":"https:\/\/ampxgroup.com\/es\/"},{"@type":"ListItem","position":2,"name":"Movilidad y E-movilidad"}]},{"@type":"WebSite","@id":"https:\/\/ampxgroup.com\/#website","url":"https:\/\/ampxgroup.com\/","name":"AMP Polymix","description":"Distributeur mati\u00e8re plastique","potentialAction":[{"@type":"SearchAction","target":{"@type":"EntryPoint","urlTemplate":"https:\/\/ampxgroup.com\/?s={search_term_string}"},"query-input":{"@type":"PropertyValueSpecification","valueRequired":true,"valueName":"search_term_string"}}],"inLanguage":"es"}]}},"_links":{"self":[{"href":"https:\/\/ampxgroup.tiztech.ovh\/es\/wp-json\/wp\/v2\/pages\/1521","targetHints":{"allow":["GET"]}}],"collection":[{"href":"https:\/\/ampxgroup.tiztech.ovh\/es\/wp-json\/wp\/v2\/pages"}],"about":[{"href":"https:\/\/ampxgroup.tiztech.ovh\/es\/wp-json\/wp\/v2\/types\/page"}],"author":[{"embeddable":true,"href":"https:\/\/ampxgroup.tiztech.ovh\/es\/wp-json\/wp\/v2\/users\/1"}],"replies":[{"embeddable":true,"href":"https:\/\/ampxgroup.tiztech.ovh\/es\/wp-json\/wp\/v2\/comments?post=1521"}],"version-history":[{"count":10,"href":"https:\/\/ampxgroup.tiztech.ovh\/es\/wp-json\/wp\/v2\/pages\/1521\/revisions"}],"predecessor-version":[{"id":8538,"href":"https:\/\/ampxgroup.tiztech.ovh\/es\/wp-json\/wp\/v2\/pages\/1521\/revisions\/8538"}],"wp:attachment":[{"href":"https:\/\/ampxgroup.tiztech.ovh\/es\/wp-json\/wp\/v2\/media?parent=1521"}],"curies":[{"name":"wp","href":"https:\/\/api.w.org\/{rel}","templated":true}]}}